{"id":8170,"date":"2020-06-04T17:15:41","date_gmt":"2020-06-04T17:15:41","guid":{"rendered":"https:\/\/chaussuressemy.com\/produit\/le-cache-coeur\/"},"modified":"2022-12-21T22:10:19","modified_gmt":"2022-12-21T22:10:19","slug":"cache-coeur-italian-pump","status":"publish","type":"product","link":"https:\/\/chaussuressemy.com\/en\/produit\/cache-coeur-italian-pump\/","title":{"rendered":"The Cache-C\u0153ur pump"},"content":{"rendered":"<p>The Cache-C\u0153ur pump will surprise you with its coloured piping accentuating the d\u00e9collet\u00e9 and the contrasting snakeskin print heel. Leather lined to ensure comfort. This fall pump is perfect with jeans or a suit.<\/p>\n<p><strong>Materials : <\/strong>Suede and leather piping<br \/>\n<strong>Lining : <\/strong>Leather<br \/>\n<strong>Sole : <\/strong>Leather<br \/>\n<strong>Heel height : <\/strong>90 mm.<br \/>\nAll measurements are made on a size 36 shoe. There may be slight measurement variations based on size.<\/p>\n<p>Made in Italy exclusively for Chaussures Semy.<\/p>\n","protected":false},"excerpt":{"rendered":"<p>The Cache-C\u0153ur pump will surprise you with its coloured piping accentuating the d\u00e9collet\u00e9 and the contrasting snakeskin print heel. Leather lined to ensure comfort. This fall pump is perfect with jeans or a suit. Materials : Suede and leather piping Lining : Leather Sole : Leather Heel height : 90 mm. All measurements are made&#8230;<\/p>\n","protected":false},"featured_media":10248,"template":"","meta":[],"product_brand":[],"product_cat":[119,116],"product_tag":[],"class_list":{"0":"post-8170","1":"product","2":"type-product","3":"status-publish","4":"has-post-thumbnail","6":"product_cat-small-sizes","7":"product_cat-womens","8":"product_shipping_class-delivery-included","10":"first","11":"instock","12":"taxable","13":"shipping-taxable","14":"purchasable","15":"product-type-variable"},"yoast_head":"<!-- This site is optimized with the Yoast SEO plugin v27.2 - https:\/\/yoast.com\/product\/yoast-seo-wordpress\/ -->\n<title>The Cache-C\u0153ur pump | Chaussures Semy<\/title>\n<meta name=\"description\" content=\"The Cache-C\u0153ur pump will surprise you with its coloured piping accentuating the d\u00e9collet\u00e9 and the contrasting snakeskin print heel. Click here and get yours\" \/>\n<meta name=\"robots\" content=\"index, follow, max-snippet:-1, max-image-preview:large, max-video-preview:-1\" \/>\n<link rel=\"canonical\" href=\"https:\/\/chaussuressemy.com\/en\/produit\/cache-coeur-italian-pump\/\" \/>\n<meta property=\"og:locale\" content=\"en_US\" \/>\n<meta property=\"og:type\" content=\"article\" \/>\n<meta property=\"og:title\" content=\"The Cache-C\u0153ur pump | Chaussures Semy\" \/>\n<meta property=\"og:description\" content=\"The Cache-C\u0153ur pump will surprise you with its coloured piping accentuating the d\u00e9collet\u00e9 and the contrasting snakeskin print heel. Click here and get yours\" \/>\n<meta property=\"og:url\" content=\"https:\/\/chaussuressemy.com\/en\/produit\/cache-coeur-italian-pump\/\" \/>\n<meta property=\"og:site_name\" content=\"Salon de Chaussures Semy\" \/>\n<meta property=\"article:modified_time\" content=\"2022-12-21T22:10:19+00:00\" \/>\n<meta property=\"og:image\" content=\"https:\/\/chaussuressemy.com\/wp-content\/uploads\/2020\/08\/Petites-pointures_0001s_0033_4.0.jpg.jpg\" \/>\n\t<meta property=\"og:image:width\" content=\"1080\" \/>\n\t<meta property=\"og:image:height\" content=\"1080\" \/>\n\t<meta property=\"og:image:type\" content=\"image\/jpeg\" \/>\n<meta name=\"twitter:card\" content=\"summary_large_image\" \/>\n<meta name=\"twitter:label1\" content=\"Est. reading time\" \/>\n\t<meta name=\"twitter:data1\" content=\"1 minute\" \/>\n<script type=\"application\/ld+json\" class=\"yoast-schema-graph\">{\"@context\":\"https:\/\/schema.org\",\"@graph\":[{\"@type\":\"WebPage\",\"@id\":\"https:\/\/chaussuressemy.com\/en\/produit\/cache-coeur-italian-pump\/\",\"url\":\"https:\/\/chaussuressemy.com\/en\/produit\/cache-coeur-italian-pump\/\",\"name\":\"The Cache-C\u0153ur pump | Chaussures Semy\",\"isPartOf\":{\"@id\":\"https:\/\/chaussuressemy.com\/#website\"},\"primaryImageOfPage\":{\"@id\":\"https:\/\/chaussuressemy.com\/en\/produit\/cache-coeur-italian-pump\/#primaryimage\"},\"image\":{\"@id\":\"https:\/\/chaussuressemy.com\/en\/produit\/cache-coeur-italian-pump\/#primaryimage\"},\"thumbnailUrl\":\"https:\/\/chaussuressemy.com\/wp-content\/uploads\/2020\/08\/Petites-pointures_0001s_0033_4.0.jpg.jpg\",\"datePublished\":\"2020-06-04T17:15:41+00:00\",\"dateModified\":\"2022-12-21T22:10:19+00:00\",\"description\":\"The Cache-C\u0153ur pump will surprise you with its coloured piping accentuating the d\u00e9collet\u00e9 and the contrasting snakeskin print heel. Click here and get yours\",\"breadcrumb\":{\"@id\":\"https:\/\/chaussuressemy.com\/en\/produit\/cache-coeur-italian-pump\/#breadcrumb\"},\"inLanguage\":\"en-CA\",\"potentialAction\":[{\"@type\":\"ReadAction\",\"target\":[\"https:\/\/chaussuressemy.com\/en\/produit\/cache-coeur-italian-pump\/\"]}]},{\"@type\":\"ImageObject\",\"inLanguage\":\"en-CA\",\"@id\":\"https:\/\/chaussuressemy.com\/en\/produit\/cache-coeur-italian-pump\/#primaryimage\",\"url\":\"https:\/\/chaussuressemy.com\/wp-content\/uploads\/2020\/08\/Petites-pointures_0001s_0033_4.0.jpg.jpg\",\"contentUrl\":\"https:\/\/chaussuressemy.com\/wp-content\/uploads\/2020\/08\/Petites-pointures_0001s_0033_4.0.jpg.jpg\",\"width\":1080,\"height\":1080},{\"@type\":\"BreadcrumbList\",\"@id\":\"https:\/\/chaussuressemy.com\/en\/produit\/cache-coeur-italian-pump\/#breadcrumb\",\"itemListElement\":[{\"@type\":\"ListItem\",\"position\":1,\"name\":\"Home\",\"item\":\"https:\/\/chaussuressemy.com\/en\/home\/\"},{\"@type\":\"ListItem\",\"position\":2,\"name\":\"Shop online\",\"item\":\"https:\/\/chaussuressemy.com\/en\/shop\/\"},{\"@type\":\"ListItem\",\"position\":3,\"name\":\"The Cache-C\u0153ur pump\"}]},{\"@type\":\"WebSite\",\"@id\":\"https:\/\/chaussuressemy.com\/#website\",\"url\":\"https:\/\/chaussuressemy.com\/\",\"name\":\"Salon de Chaussures Semy\",\"description\":\"Rejoignez la famille Semy !\",\"potentialAction\":[{\"@type\":\"SearchAction\",\"target\":{\"@type\":\"EntryPoint\",\"urlTemplate\":\"https:\/\/chaussuressemy.com\/?s={search_term_string}\"},\"query-input\":{\"@type\":\"PropertyValueSpecification\",\"valueRequired\":true,\"valueName\":\"search_term_string\"}}],\"inLanguage\":\"en-CA\"}]}<\/script>\n<!-- \/ Yoast SEO plugin. -->","yoast_head_json":{"title":"The Cache-C\u0153ur pump | Chaussures Semy","description":"The Cache-C\u0153ur pump will surprise you with its coloured piping accentuating the d\u00e9collet\u00e9 and the contrasting snakeskin print heel. Click here and get yours","robots":{"index":"index","follow":"follow","max-snippet":"max-snippet:-1","max-image-preview":"max-image-preview:large","max-video-preview":"max-video-preview:-1"},"canonical":"https:\/\/chaussuressemy.com\/en\/produit\/cache-coeur-italian-pump\/","og_locale":"en_US","og_type":"article","og_title":"The Cache-C\u0153ur pump | Chaussures Semy","og_description":"The Cache-C\u0153ur pump will surprise you with its coloured piping accentuating the d\u00e9collet\u00e9 and the contrasting snakeskin print heel. Click here and get yours","og_url":"https:\/\/chaussuressemy.com\/en\/produit\/cache-coeur-italian-pump\/","og_site_name":"Salon de Chaussures Semy","article_modified_time":"2022-12-21T22:10:19+00:00","og_image":[{"width":1080,"height":1080,"url":"https:\/\/chaussuressemy.com\/wp-content\/uploads\/2020\/08\/Petites-pointures_0001s_0033_4.0.jpg.jpg","type":"image\/jpeg"}],"twitter_card":"summary_large_image","twitter_misc":{"Est. reading time":"1 minute"},"schema":{"@context":"https:\/\/schema.org","@graph":[{"@type":"WebPage","@id":"https:\/\/chaussuressemy.com\/en\/produit\/cache-coeur-italian-pump\/","url":"https:\/\/chaussuressemy.com\/en\/produit\/cache-coeur-italian-pump\/","name":"The Cache-C\u0153ur pump | Chaussures Semy","isPartOf":{"@id":"https:\/\/chaussuressemy.com\/#website"},"primaryImageOfPage":{"@id":"https:\/\/chaussuressemy.com\/en\/produit\/cache-coeur-italian-pump\/#primaryimage"},"image":{"@id":"https:\/\/chaussuressemy.com\/en\/produit\/cache-coeur-italian-pump\/#primaryimage"},"thumbnailUrl":"https:\/\/chaussuressemy.com\/wp-content\/uploads\/2020\/08\/Petites-pointures_0001s_0033_4.0.jpg.jpg","datePublished":"2020-06-04T17:15:41+00:00","dateModified":"2022-12-21T22:10:19+00:00","description":"The Cache-C\u0153ur pump will surprise you with its coloured piping accentuating the d\u00e9collet\u00e9 and the contrasting snakeskin print heel. Click here and get yours","breadcrumb":{"@id":"https:\/\/chaussuressemy.com\/en\/produit\/cache-coeur-italian-pump\/#breadcrumb"},"inLanguage":"en-CA","potentialAction":[{"@type":"ReadAction","target":["https:\/\/chaussuressemy.com\/en\/produit\/cache-coeur-italian-pump\/"]}]},{"@type":"ImageObject","inLanguage":"en-CA","@id":"https:\/\/chaussuressemy.com\/en\/produit\/cache-coeur-italian-pump\/#primaryimage","url":"https:\/\/chaussuressemy.com\/wp-content\/uploads\/2020\/08\/Petites-pointures_0001s_0033_4.0.jpg.jpg","contentUrl":"https:\/\/chaussuressemy.com\/wp-content\/uploads\/2020\/08\/Petites-pointures_0001s_0033_4.0.jpg.jpg","width":1080,"height":1080},{"@type":"BreadcrumbList","@id":"https:\/\/chaussuressemy.com\/en\/produit\/cache-coeur-italian-pump\/#breadcrumb","itemListElement":[{"@type":"ListItem","position":1,"name":"Home","item":"https:\/\/chaussuressemy.com\/en\/home\/"},{"@type":"ListItem","position":2,"name":"Shop online","item":"https:\/\/chaussuressemy.com\/en\/shop\/"},{"@type":"ListItem","position":3,"name":"The Cache-C\u0153ur pump"}]},{"@type":"WebSite","@id":"https:\/\/chaussuressemy.com\/#website","url":"https:\/\/chaussuressemy.com\/","name":"Salon de Chaussures Semy","description":"Rejoignez la famille Semy !","potentialAction":[{"@type":"SearchAction","target":{"@type":"EntryPoint","urlTemplate":"https:\/\/chaussuressemy.com\/?s={search_term_string}"},"query-input":{"@type":"PropertyValueSpecification","valueRequired":true,"valueName":"search_term_string"}}],"inLanguage":"en-CA"}]}},"_links":{"self":[{"href":"https:\/\/chaussuressemy.com\/en\/wp-json\/wp\/v2\/product\/8170","targetHints":{"allow":["GET"]}}],"collection":[{"href":"https:\/\/chaussuressemy.com\/en\/wp-json\/wp\/v2\/product"}],"about":[{"href":"https:\/\/chaussuressemy.com\/en\/wp-json\/wp\/v2\/types\/product"}],"wp:featuredmedia":[{"embeddable":true,"href":"https:\/\/chaussuressemy.com\/en\/wp-json\/wp\/v2\/media\/10248"}],"wp:attachment":[{"href":"https:\/\/chaussuressemy.com\/en\/wp-json\/wp\/v2\/media?parent=8170"}],"wp:term":[{"taxonomy":"product_brand","embeddable":true,"href":"https:\/\/chaussuressemy.com\/en\/wp-json\/wp\/v2\/product_brand?post=8170"},{"taxonomy":"product_cat","embeddable":true,"href":"https:\/\/chaussuressemy.com\/en\/wp-json\/wp\/v2\/product_cat?post=8170"},{"taxonomy":"product_tag","embeddable":true,"href":"https:\/\/chaussuressemy.com\/en\/wp-json\/wp\/v2\/product_tag?post=8170"}],"curies":[{"name":"wp","href":"https:\/\/api.w.org\/{rel}","templated":true}]}}